{"id":49,"date":"2018-09-12T14:38:27","date_gmt":"2018-09-12T14:38:27","guid":{"rendered":"https:\/\/koticashpk.com\/?page_id=49"},"modified":"2018-09-14T09:07:50","modified_gmt":"2018-09-14T09:07:50","slug":"rreth-nesh","status":"publish","type":"page","link":"https:\/\/koticashpk.com\/index.php\/rreth-nesh\/","title":{"rendered":"Rreth Nesh"},"content":{"rendered":"<div class=\"wpb-content-wrapper\"><p>[vc_row][vc_column width=&#8221;1\/2&#8243;][vc_custom_heading text=&#8221;Kotica eshte krijuar ne vitin 1993,&#8221; font_container=&#8221;tag:h2|font_size:36|text_align:left&#8221; google_fonts=&#8221;font_family:Lato%3A100%2C100italic%2C300%2C300italic%2Cregular%2Citalic%2C700%2C700italic%2C900%2C900italic|font_style:700%20bold%20regular%3A700%3Anormal&#8221; css=&#8221;.vc_custom_1536763899790{border-left-width: 4px !important;padding-left: 17px !important;border-left-color: #f4e102 !important;border-left-style: solid !important;}&#8221;][vc_custom_heading text=&#8221;25 Vite eksperience&#8221; font_container=&#8221;tag:h2|font_size:25|text_align:left&#8221; google_fonts=&#8221;font_family:Lato%3A100%2C100italic%2C300%2C300italic%2Cregular%2Citalic%2C700%2C700italic%2C900%2C900italic|font_style:400%20regular%3A400%3Anormal&#8221; css=&#8221;.vc_custom_1536763915649{margin-top: -10px !important;border-left-width: 4px !important;padding-left: 17px !important;border-left-color: #f4e102 !important;border-left-style: solid !important;}&#8221;][vc_empty_space height=&#8221;20px&#8221;][vc_column_text]<\/p>\n<p style=\"text-align: justify;\">Fillimisht aktiviteti u shtri n\u00eb\u00a0tregtimin e pjes\u00ebve t\u00eb\u00a0k\u00ebmbimit p\u00ebr mjetet motorrike \u00a0dhe automjetet e p\u00ebrdorura. Duke q\u00ebn\u00eb\u00a0se pjes\u00ebt eksportoheshin nga Italia b\u00ebri q\u00eb\u00a0shoq\u00ebria t\u00eb\u00a0zinte nj\u00eb\u00a0pjes\u00eb\u00a0t\u00eb\u00a0madhe t\u00eb\u00a0tregut duke fituar k\u00ebshtu nj\u00eb\u00a0em\u00ebr \u00a0n\u00eb\u00a0tregun shqiptar. Krahas aktivitetit n\u00eb vendin e saj kompania zhvillon dhe nj\u00eb aktivitet tregtar n\u00eb Itali ku tregton makineri dhe pajisje t\u00eb p\u00ebrpunimit dhe transportimit t\u00eb betonit n\u00eb mbare tregun nd\u00ebrkomb\u00ebtar.<\/p>\n<p>[\/vc_column_text][\/vc_column][vc_column width=&#8221;1\/2&#8243;][vc_empty_space height=&#8221;52px&#8221;][vc_row_inner][vc_column_inner width=&#8221;1\/3&#8243;]<div class=\"aio-icon-component    style_1\"><div id=\"Info-box-wrap-5988\" class=\"aio-icon-box top-icon\" style=\"\"  ><div class=\"aio-icon-top\"><div class=\"ult-just-icon-wrapper  \"><div class=\"align-icon\" style=\"text-align:center;\">\n<div class=\"aio-icon-img  uavc-square \" style=\"font-size:48px;background:#f4e102;display:inline-block;\" >\n\t<img decoding=\"async\" class=\"img-icon\" alt=\"null\" src=\"https:\/\/koticashpk.com\/wp-content\/uploads\/2018\/09\/project-management.png\"\/>\n<\/div><\/div><\/div><\/div><div class=\"aio-icon-header\" ><h3 class=\"aio-icon-title ult-responsive\"  data-ultimate-target='#Info-box-wrap-5988 .aio-icon-title'  data-responsive-json-new='{\"font-size\":\"\",\"line-height\":\"\"}'  style=\"\">Teknologjia e fundit<\/h3><\/div> <!-- header --><\/div> <!-- aio-icon-box --><\/div> <!-- aio-icon-component -->[\/vc_column_inner][vc_column_inner width=&#8221;1\/3&#8243;]<div class=\"aio-icon-component    style_1\"><div id=\"Info-box-wrap-6265\" class=\"aio-icon-box top-icon\" style=\"\"  ><div class=\"aio-icon-top\"><div class=\"ult-just-icon-wrapper  \"><div class=\"align-icon\" style=\"text-align:center;\">\n<div class=\"aio-icon-img  uavc-square \" style=\"font-size:48px;background:#f4e102;display:inline-block;\" >\n\t<img decoding=\"async\" class=\"img-icon\" alt=\"null\" src=\"https:\/\/koticashpk.com\/wp-content\/uploads\/2018\/09\/quality.png\"\/>\n<\/div><\/div><\/div><\/div><div class=\"aio-icon-header\" ><h3 class=\"aio-icon-title ult-responsive\"  data-ultimate-target='#Info-box-wrap-6265 .aio-icon-title'  data-responsive-json-new='{\"font-size\":\"\",\"line-height\":\"\"}'  style=\"\">Cilesi<\/h3><\/div> <!-- header --><\/div> <!-- aio-icon-box --><\/div> <!-- aio-icon-component -->[\/vc_column_inner][vc_column_inner width=&#8221;1\/3&#8243;]<div class=\"aio-icon-component    style_1\"><div id=\"Info-box-wrap-2075\" class=\"aio-icon-box top-icon\" style=\"\"  ><div class=\"aio-icon-top\"><div class=\"ult-just-icon-wrapper  \"><div class=\"align-icon\" style=\"text-align:center;\">\n<div class=\"aio-icon-img  uavc-square \" style=\"font-size:48px;background:#f4e102;display:inline-block;\" >\n\t<img decoding=\"async\" class=\"img-icon\" alt=\"null\" src=\"https:\/\/koticashpk.com\/wp-content\/uploads\/2018\/09\/product.png\"\/>\n<\/div><\/div><\/div><\/div><div class=\"aio-icon-header\" ><h3 class=\"aio-icon-title ult-responsive\"  data-ultimate-target='#Info-box-wrap-2075 .aio-icon-title'  data-responsive-json-new='{\"font-size\":\"\",\"line-height\":\"\"}'  style=\"\">Shumellojshmeri<\/h3><\/div> <!-- header --><\/div> <!-- aio-icon-box --><\/div> <!-- aio-icon-component -->[\/vc_column_inner][\/vc_row_inner][\/vc_column][\/vc_row][vc_row][vc_column][vc_empty_space height=&#8221;20px&#8221;][\/vc_column][\/vc_row][vc_row gap=&#8221;30&#8243; bg_type=&#8221;bg_color&#8221; bg_override=&#8221;ex-full&#8221; bg_color_value=&#8221;#f7f7f7&#8243;][vc_column width=&#8221;1\/3&#8243;][vc_column_text]<\/p>\n<p style=\"font-weight: 400; text-align: justify;\">Pas investimeve t\u00eb\u00a0nj\u00ebpasnj\u00ebshme\u00a0n\u00eb\u00a0vitin 1999 v\u00ebmendje e vecante ju\u00a0kushtua prodhimit t\u00eb\u00a0betonit duke marr\u00eb\u00a0shkas nga eksperienca e treg\u00ebtuesve dhe prodhuesve italian. Q\u00eb\u00a0nga ky vit shoq\u00ebria Kotica punon pran\u00eb\u00a0nd\u00ebrtuesve p\u00ebr t&#8217;i furnizuar ato me produkte cil\u00ebsore, me kushtet m\u00eb\u00a0t\u00ebmira teknike dhe p\u00ebr t&#8217;ju garantuar atyre zgjedhjen ideale. Fillimisht n\u00eb\u00a0blloqe, m\u00eb\u00a0pas n\u00eb\u00a0prodhimin e betonit Kotica hyri \u00a0ndjesh\u00ebm n\u00eb\u00a0treg \u00a0 dhe b\u00ebri t\u00eb\u00a0mundur p\u00ebrthithjen e klienteve n\u00eb\u00a0menyre t\u00eb\u00a0menj\u00ebhershme. Duke punuar me teknologji Italiane me nj\u00eb\u00a0sh\u00ebrbim t\u00eb\u00a0shpejt dhe duke ofruar produkte cil\u00ebsore me \u00e7mime konkuruese t\u00eb\u00a0mb\u00ebshtetur dhe n\u00eb\u00a0faktin q\u00eb\u00a0p\u00ebr l\u00ebnd\u00ebn e par\u00eb\u00a0u hap nj\u00eb\u00a0lavatri\u00e7e, gj\u00eb\u00a0q\u00eb\u00a0e cila uli ndjesh\u00ebm koston e prodhimit dhe rriti cil\u00ebsine.<\/p>\n<p>[\/vc_column_text][\/vc_column][vc_column width=&#8221;1\/3&#8243;][vc_single_image image=&#8221;72&#8243; img_size=&#8221;full&#8221; image_hovers=&#8221;false&#8221;][vc_btn title=&#8221;PRODUKTET TONA&#8221; style=&#8221;custom&#8221; custom_background=&#8221;#f4e102&#8243; custom_text=&#8221;#ffffff&#8221; shape=&#8221;square&#8221; align=&#8221;center&#8221; link=&#8221;url:%2Findex.php%2Fprodukte%2F|||&#8221;][\/vc_column][vc_column width=&#8221;1\/3&#8243;][vc_column_text]<\/p>\n<p style=\"text-align: justify;\">Kotica investoi gjer\u00ebsisht n\u00eb\u00a0implementimin e teknologjis\u00eb\u00a0italiane t\u00eb\u00a0re dhe moderne duke leht\u00ebsuar dhe modernizuar k\u00ebshtu pro\u00e7eset e prodhimit.Produktet prodhohen sipas standarteve europiane.Shoq\u00ebria ofron gjithnj\u00eb\u00a0nj\u00eb\u00a0cil\u00ebsi t\u00eb\u00a0lart\u00eb\u00a0t\u00eb\u00a0prodhimeve pa l\u00ebn\u00eb\u00a0pas dore \u00e7mimet konkuruese dhe t\u00eb\u00a0p\u00ebrshtatshme me tregun.\u00a0Ju vendos theksi\u00a0<span style=\"font-weight: 400;\">trajnimit t\u00eb\u00a0Burimeve Njer\u00ebzore duke b\u00ebr\u00eb\u00a0keshtu nj\u00eb\u00a0investim n\u00eb\u00a0cil\u00ebsine e sh\u00ebrbimit dhe t\u00eb\u00a0sjelljes ndaj konsumatorit\u00a0Kotica Sh.p.k\u00a0\u00ebsht\u00eb\u00a0rritur n\u00eb\u00a0vazhdim\u00ebsi fal\u00eb\u00a0besimit t\u00eb\u00a0klienteve t\u00eb\u00a0saj,do jet\u00eb\u00a0gjithnj\u00eb\u00a0e drejtuar drejt s\u00eb\u00a0ardhmes s\u00eb\u00a0nd\u00ebrtimit.\u00a0Kotica Sh.p.k\u00a0sot dallohet si nj\u00eb\u00a0nga shoq\u00ebrit\u00eb\u00a0m\u00eb\u00a0t\u00eb\u00a0mira n\u00eb\u00a0sektorin e prodhimit t\u00eb\u00a0betonit n\u00eb\u00a0nivel nacional.<\/span><\/p>\n<p>[\/vc_column_text][\/vc_column][\/vc_row][vc_row bg_type=&#8221;bg_color&#8221; bg_override=&#8221;ex-full&#8221; css=&#8221;.vc_custom_1536835411979{margin-top: -40px !important;margin-bottom: -70px !important;}&#8221; bg_color_value=&#8221;#0d398a&#8221;][vc_column width=&#8221;1\/2&#8243;][vc_custom_heading text=&#8221;Nese deshironi te porosisni produktet tona, na kontaktoni&#8221; font_container=&#8221;tag:h2|font_size:27|text_align:left|color:%23ffffff&#8221; google_fonts=&#8221;font_family:Lato%3A100%2C100italic%2C300%2C300italic%2Cregular%2Citalic%2C700%2C700italic%2C900%2C900italic|font_style:700%20bold%20regular%3A700%3Anormal&#8221;][vc_custom_heading text=&#8221;Sjellim me te miren ne sektorin e prodhimit te betonit.&#8221; font_container=&#8221;tag:h2|font_size:17|text_align:left|color:%23ffffff&#8221; google_fonts=&#8221;font_family:Lato%3A100%2C100italic%2C300%2C300italic%2Cregular%2Citalic%2C700%2C700italic%2C900%2C900italic|font_style:400%20regular%3A400%3Anormal&#8221;][vc_btn title=&#8221;NA KONTAKTONI&#8221; style=&#8221;outline-custom&#8221; outline_custom_color=&#8221;#ffffff&#8221; outline_custom_hover_background=&#8221;#f4e102&#8243; outline_custom_hover_text=&#8221;#ffffff&#8221; shape=&#8221;square&#8221; align=&#8221;left&#8221; link=&#8221;url:%2Findex.php%2Fkontakt%2F|||&#8221;][\/vc_column][vc_column width=&#8221;1\/2&#8243;][vc_single_image image=&#8221;79&#8243; img_size=&#8221;full&#8221; alignment=&#8221;center&#8221; image_hovers=&#8221;false&#8221; css=&#8221;.vc_custom_1536835975389{margin-bottom: -120px !important;}&#8221;][\/vc_column][\/vc_row]<\/p>\n<\/div>","protected":false},"excerpt":{"rendered":"<p>[vc_row][vc_column width=&#8221;1\/2&#8243;][vc_custom_heading text=&#8221;Kotica eshte krijuar ne vitin 1993,&#8221; font_container=&#8221;tag:h2|font_size:36|text_align:left&#8221; google_fonts=&#8221;font_family:Lato%3A100%2C100italic%2C300%2C300italic%2Cregular%2Citalic%2C700%2C700italic%2C900%2C900italic|font_style:700%20bold%20regular%3A700%3Anormal&#8221; css=&#8221;.vc_custom_1536763899790{border-left-width: 4px !important;padding-left: 17px !important;border-left-color: #f4e102 !important;border-left-style: solid !important;}&#8221;][vc_custom_heading text=&#8221;25 Vite eksperience&#8221; font_container=&#8221;tag:h2|font_size:25|text_align:left&#8221; google_fonts=&#8221;font_family:Lato%3A100%2C100italic%2C300%2C300italic%2Cregular%2Citalic%2C700%2C700italic%2C900%2C900italic|font_style:400%20regular%3A400%3Anormal&#8221; css=&#8221;.vc_custom_1536763915649{margin-top: -10px !important;border-left-width: 4px !important;padding-left: 17px !important;border-left-color: #f4e102 !important;border-left-style: solid !important;}&#8221;][vc_empty_space height=&#8221;20px&#8221;][vc_column_text] Fillimisht aktiviteti u shtri n\u00eb\u00a0tregtimin e pjes\u00ebve t\u00eb\u00a0k\u00ebmbimit p\u00ebr mjetet motorrike \u00a0dhe automjetet e p\u00ebrdorura. Duke q\u00ebn\u00eb\u00a0se pjes\u00ebt eksportoheshin&hellip;<\/p>\n","protected":false},"author":2,"featured_media":0,"parent":0,"menu_order":0,"comment_status":"closed","ping_status":"closed","template":"","meta":{"footnotes":""},"class_list":["post-49","page","type-page","status-publish","hentry","description-off"],"_links":{"self":[{"href":"https:\/\/koticashpk.com\/index.php\/wp-json\/wp\/v2\/pages\/49","targetHints":{"allow":["GET"]}}],"collection":[{"href":"https:\/\/koticashpk.com\/index.php\/wp-json\/wp\/v2\/pages"}],"about":[{"href":"https:\/\/koticashpk.com\/index.php\/wp-json\/wp\/v2\/types\/page"}],"author":[{"embeddable":true,"href":"https:\/\/koticashpk.com\/index.php\/wp-json\/wp\/v2\/users\/2"}],"replies":[{"embeddable":true,"href":"https:\/\/koticashpk.com\/index.php\/wp-json\/wp\/v2\/comments?post=49"}],"version-history":[{"count":22,"href":"https:\/\/koticashpk.com\/index.php\/wp-json\/wp\/v2\/pages\/49\/revisions"}],"predecessor-version":[{"id":319,"href":"https:\/\/koticashpk.com\/index.php\/wp-json\/wp\/v2\/pages\/49\/revisions\/319"}],"wp:attachment":[{"href":"https:\/\/koticashpk.com\/index.php\/wp-json\/wp\/v2\/media?parent=49"}],"curies":[{"name":"wp","href":"https:\/\/api.w.org\/{rel}","templated":true}]}}