{"id":9,"date":"2018-09-12T09:00:09","date_gmt":"2018-09-12T09:00:09","guid":{"rendered":"https:\/\/koticashpk.com\/?page_id=9"},"modified":"2019-03-14T10:35:15","modified_gmt":"2019-03-14T10:35:15","slug":"home","status":"publish","type":"page","link":"https:\/\/koticashpk.com\/","title":{"rendered":"Home"},"content":{"rendered":"<div class=\"wpb-content-wrapper\"><p>[vc_row][vc_column width=&#8221;1\/2&#8243;][vc_single_image image=&#8221;20&#8243; img_size=&#8221;full&#8221; image_hovers=&#8221;false&#8221;][\/vc_column][vc_column width=&#8221;1\/2&#8243;][vc_empty_space height=&#8221;12px&#8221;][vc_custom_heading text=&#8221;Teknologji Italiane&#8221; font_container=&#8221;tag:h2|font_size:18|text_align:left|color:%23f4e102&#8243; google_fonts=&#8221;font_family:Lora%3Aregular%2Citalic%2C700%2C700italic|font_style:400%20regular%3A400%3Anormal&#8221; css=&#8221;.vc_custom_1536744559111{margin-left: -190px !important;}&#8221;][vc_custom_heading text=&#8221;Produkte Cilesore Sipas Standarteve Italiane&#8221; font_container=&#8221;tag:h2|font_size:36|text_align:left&#8221; google_fonts=&#8221;font_family:Prata%3Aregular|font_style:400%20regular%3A400%3Anormal&#8221; css=&#8221;.vc_custom_1536744567571{margin-left: -190px !important;}&#8221;][vc_empty_space height=&#8221;12px&#8221;][vc_column_text css=&#8221;.vc_custom_1536744909835{margin-left: -187px !important;}&#8221;]<\/p>\n<p style=\"text-align: justify;\">Fillimisht aktiviteti u shtri n\u00eb\u00a0tregtimin e pjes\u00ebve t\u00eb\u00a0k\u00ebmbimit p\u00ebr mjetet motorrike \u00a0dhe automjetet e p\u00ebrdorura. Duke q\u00ebn\u00eb\u00a0se pjes\u00ebt eksportoheshin nga Italia b\u00ebri q\u00eb\u00a0shoq\u00ebria t\u00eb\u00a0zinte nj\u00eb\u00a0pjes\u00eb\u00a0t\u00eb\u00a0madhe t\u00eb\u00a0tregut duke fituar k\u00ebshtu nj\u00eb\u00a0em\u00ebr \u00a0n\u00eb\u00a0tregun shqiptar.\u00a0Pas investimeve t\u00eb\u00a0nj\u00ebpasnj\u00ebshme\u00a0n\u00eb\u00a0vitin 1999 v\u00ebmendje t\u00eb\u00a0ve\u00e7ant\u00eb ju\u00a0kushtua prodhimit t\u00eb\u00a0betonit duke marr\u00eb\u00a0shkas nga eksperienca e treg\u00ebtuesve dhe prodhuesve italian.<\/p>\n<p>[\/vc_column_text][vc_row_inner css=&#8221;.vc_custom_1536744923510{margin-left: -170px !important;}&#8221;][vc_column_inner width=&#8221;1\/4&#8243;][vc_single_image image=&#8221;16&#8243; img_size=&#8221;full&#8221; alignment=&#8221;center&#8221; image_hovers=&#8221;false&#8221;][\/vc_column_inner][vc_column_inner width=&#8221;1\/4&#8243;][vc_single_image image=&#8221;17&#8243; img_size=&#8221;full&#8221; alignment=&#8221;center&#8221; image_hovers=&#8221;false&#8221;][\/vc_column_inner][vc_column_inner width=&#8221;1\/4&#8243;][vc_single_image image=&#8221;18&#8243; img_size=&#8221;full&#8221; alignment=&#8221;center&#8221; image_hovers=&#8221;false&#8221;][\/vc_column_inner][vc_column_inner width=&#8221;1\/4&#8243;][vc_single_image image=&#8221;19&#8243; img_size=&#8221;full&#8221; alignment=&#8221;center&#8221; image_hovers=&#8221;false&#8221;][\/vc_column_inner][\/vc_row_inner][\/vc_column][\/vc_row][vc_row bg_type=&#8221;bg_color&#8221; bg_override=&#8221;ex-full&#8221; bg_color_value=&#8221;#f2f6f9&#8243; css=&#8221;.vc_custom_1536758680437{margin-bottom: -70px !important;}&#8221;][vc_column][vc_custom_heading text=&#8221;Teknologji Italiane&#8221; font_container=&#8221;tag:h2|font_size:18|text_align:center|color:%23f4e102&#8243; google_fonts=&#8221;font_family:Lora%3Aregular%2Citalic%2C700%2C700italic|font_style:400%20regular%3A400%3Anormal&#8221;][vc_custom_heading text=&#8221;Produktet Tona&#8221; font_container=&#8221;tag:h2|font_size:27|text_align:center&#8221; google_fonts=&#8221;font_family:Prata%3Aregular|font_style:400%20regular%3A400%3Anormal&#8221; css=&#8221;.vc_custom_1536746738301{margin-top: -20px !important;}&#8221;][vc_empty_space]<div id=\"ult-carousel-189951474869e0b948eed05\" class=\"ult-carousel-wrapper   ult_horizontal\" data-gutter=\"15\" data-rtl=\"false\" ><div class=\"ult-carousel-195490876469e0b948eebe4 \" ><div class=\"ult-item-wrap\" data-animation=\"animated no-animation\"><div class=\"ult-content-box-container \" >\t<a class=\"ult-content-box-anchor\" href=\"\/index.php\/pllaka-trotuari\/\" >\t\t<div class=\"ult-content-box\" style=\"background-color:#ffffff;box-shadow: px px px px none;border-style:solid;border-width:2px;border-color:#f4e102;-webkit-transition: all 700ms ease;-moz-transition: all 700ms ease;-ms-transition: all 700ms ease;-o-transition: all 700ms ease;transition: all 700ms ease;\"  data-hover_box_shadow=\"none\"     data-bg=\"#ffffff\"  data-border_color=\"#f4e102\" >[vc_empty_space height=&#8221;22px&#8221;][vc_single_image image=&#8221;23&#8243; img_size=&#8221;full&#8221; alignment=&#8221;center&#8221; image_hovers=&#8221;false&#8221;][vc_empty_space height=&#8221;12px&#8221;][vc_separator color=&#8221;custom&#8221; border_width=&#8221;2&#8243; el_width=&#8221;20&#8243; accent_color=&#8221;#f4e102&#8243;][vc_empty_space][vc_custom_heading text=&#8221;Pllaka Trotuari&#8221; font_container=&#8221;tag:h2|font_size:20|text_align:center|color:%230d398a&#8221; google_fonts=&#8221;font_family:Prata%3Aregular|font_style:400%20regular%3A400%3Anormal&#8221; css=&#8221;.vc_custom_1536749113691{margin-top: -20px !important;}&#8221;][vc_empty_space height=&#8221;12px&#8221;][vc_column_text css=&#8221;.vc_custom_1536755690600{padding-right: 7px !important;padding-left: 7px !important;}&#8221;]<\/p>\n<p style=\"text-align: center;\">Pllaka trotuari te formave, permasave dhe ngjyrave te ndryshme.<\/p>\n<p>[\/vc_column_text][vc_empty_space height=&#8221;12px&#8221;]\t\t<\/div>\t<\/a><\/div><\/div><div class=\"ult-item-wrap\" data-animation=\"animated no-animation\"><div class=\"ult-content-box-container \" >\t<a class=\"ult-content-box-anchor\" href=\"\/index.php\/tuba\/\" >\t\t<div class=\"ult-content-box\" style=\"background-color:#ffffff;box-shadow: px px px px none;border-style:solid;border-width:2px;border-color:#f4e102;-webkit-transition: all 700ms ease;-moz-transition: all 700ms ease;-ms-transition: all 700ms ease;-o-transition: all 700ms ease;transition: all 700ms ease;\"  data-hover_box_shadow=\"none\"     data-bg=\"#ffffff\"  data-border_color=\"#f4e102\" >[vc_empty_space height=&#8221;22px&#8221;][vc_single_image image=&#8221;24&#8243; img_size=&#8221;full&#8221; alignment=&#8221;center&#8221; image_hovers=&#8221;false&#8221;][vc_empty_space height=&#8221;12px&#8221;][vc_separator color=&#8221;custom&#8221; border_width=&#8221;2&#8243; el_width=&#8221;20&#8243; accent_color=&#8221;#f4e102&#8243;][vc_empty_space][vc_custom_heading text=&#8221;Tuba&#8221; font_container=&#8221;tag:h2|font_size:20|text_align:center|color:%230d398a&#8221; google_fonts=&#8221;font_family:Prata%3Aregular|font_style:400%20regular%3A400%3Anormal&#8221; css=&#8221;.vc_custom_1536749321378{margin-top: -20px !important;}&#8221;][vc_empty_space height=&#8221;12px&#8221;][vc_column_text css=&#8221;.vc_custom_1536755671399{padding-right: 10px !important;padding-left: 10px !important;}&#8221;]<\/p>\n<p style=\"text-align: center;\">Tuba te dimensioneve te ndryshme qe perdoren ne sisteme Urbane.<\/p>\n<p>[\/vc_column_text][vc_empty_space height=&#8221;12px&#8221;]\t\t<\/div>\t<\/a><\/div><\/div><div class=\"ult-item-wrap\" data-animation=\"animated no-animation\"><div class=\"ult-content-box-container \" >\t<a class=\"ult-content-box-anchor\" href=\"\/index.php\/blloqe\/\" >\t\t<div class=\"ult-content-box\" style=\"background-color:#ffffff;box-shadow: px px px px none;border-style:solid;border-width:2px;border-color:#f4e102;-webkit-transition: all 700ms ease;-moz-transition: all 700ms ease;-ms-transition: all 700ms ease;-o-transition: all 700ms ease;transition: all 700ms ease;\"  data-hover_box_shadow=\"none\"     data-bg=\"#ffffff\"  data-border_color=\"#f4e102\" >[vc_empty_space height=&#8221;22px&#8221;][vc_single_image image=&#8221;25&#8243; img_size=&#8221;full&#8221; alignment=&#8221;center&#8221; image_hovers=&#8221;false&#8221;][vc_empty_space height=&#8221;12px&#8221;][vc_separator color=&#8221;custom&#8221; border_width=&#8221;2&#8243; el_width=&#8221;20&#8243; accent_color=&#8221;#f4e102&#8243;][vc_empty_space][vc_custom_heading text=&#8221;Blloqe&#8221; font_container=&#8221;tag:h2|font_size:20|text_align:center|color:%230d398a&#8221; google_fonts=&#8221;font_family:Prata%3Aregular|font_style:400%20regular%3A400%3Anormal&#8221; css=&#8221;.vc_custom_1536749768176{margin-top: -20px !important;}&#8221;][vc_empty_space height=&#8221;12px&#8221;][vc_column_text css=&#8221;.vc_custom_1536755543769{padding-right: 10px !important;padding-left: 10px !important;}&#8221;]<\/p>\n<p style=\"text-align: center;\">Blloqe te dimensioneve te ndryshme me ose pa ngjyre.<\/p>\n<p>[\/vc_column_text][vc_empty_space height=&#8221;12px&#8221;]\t\t<\/div>\t<\/a><\/div><\/div><div class=\"ult-item-wrap\" data-animation=\"animated no-animation\"><div class=\"ult-content-box-container \" >\t<a class=\"ult-content-box-anchor\" href=\"\/index.php\/beton\/\" >\t\t<div class=\"ult-content-box\" style=\"background-color:#ffffff;box-shadow: px px px px none;border-style:solid;border-width:2px;border-color:#f4e102;-webkit-transition: all 700ms ease;-moz-transition: all 700ms ease;-ms-transition: all 700ms ease;-o-transition: all 700ms ease;transition: all 700ms ease;\"  data-hover_box_shadow=\"none\"     data-bg=\"#ffffff\"  data-border_color=\"#f4e102\" >[vc_empty_space height=&#8221;22px&#8221;][vc_single_image image=&#8221;31&#8243; img_size=&#8221;full&#8221; alignment=&#8221;center&#8221; image_hovers=&#8221;false&#8221;][vc_empty_space height=&#8221;12px&#8221;][vc_separator color=&#8221;custom&#8221; border_width=&#8221;2&#8243; el_width=&#8221;20&#8243; accent_color=&#8221;#f4e102&#8243;][vc_empty_space][vc_custom_heading text=&#8221;Beton&#8221; font_container=&#8221;tag:h2|font_size:20|text_align:center|color:%230d398a&#8221; google_fonts=&#8221;font_family:Prata%3Aregular|font_style:400%20regular%3A400%3Anormal&#8221; css=&#8221;.vc_custom_1536755815227{margin-top: -20px !important;}&#8221;][vc_empty_space height=&#8221;12px&#8221;][vc_column_text css=&#8221;.vc_custom_1536755913628{padding-right: 10px !important;padding-left: 10px !important;}&#8221;]<\/p>\n<p style=\"text-align: center;\">Beton cilesore i markave te ndryshme. Cilesi maksimale.<\/p>\n<p>[\/vc_column_text][vc_empty_space height=&#8221;12px&#8221;]\t\t<\/div>\t<\/a><\/div><\/div><div class=\"ult-item-wrap\" data-animation=\"animated no-animation\"><div class=\"ult-content-box-container \" >\t<a class=\"ult-content-box-anchor\" href=\"\/index.php\/inerte\/\" >\t\t<div class=\"ult-content-box\" style=\"background-color:#ffffff;box-shadow: px px px px none;border-style:solid;border-width:2px;border-color:#f4e102;-webkit-transition: all 700ms ease;-moz-transition: all 700ms ease;-ms-transition: all 700ms ease;-o-transition: all 700ms ease;transition: all 700ms ease;\"  data-hover_box_shadow=\"none\"     data-bg=\"#ffffff\"  data-border_color=\"#f4e102\" >[vc_empty_space height=&#8221;22px&#8221;][vc_single_image image=&#8221;26&#8243; img_size=&#8221;full&#8221; alignment=&#8221;center&#8221; image_hovers=&#8221;false&#8221;][vc_empty_space height=&#8221;12px&#8221;][vc_separator color=&#8221;custom&#8221; border_width=&#8221;2&#8243; el_width=&#8221;20&#8243; accent_color=&#8221;#f4e102&#8243;][vc_empty_space][vc_custom_heading text=&#8221;Inerte&#8221; font_container=&#8221;tag:h2|font_size:20|text_align:center|color:%230d398a&#8221; google_fonts=&#8221;font_family:Prata%3Aregular|font_style:400%20regular%3A400%3Anormal&#8221; css=&#8221;.vc_custom_1536750019515{margin-top: -20px !important;}&#8221;][vc_empty_space height=&#8221;12px&#8221;][vc_column_text css=&#8221;.vc_custom_1536755551967{padding-right: 10px !important;padding-left: 10px !important;}&#8221;]<\/p>\n<p style=\"text-align: center;\">Ofrojme inerte te lare per te permbushur nevojat e tregut.<\/p>\n<p>[\/vc_column_text][vc_empty_space height=&#8221;12px&#8221;]\t\t<\/div>\t<\/a><\/div><\/div><div class=\"ult-item-wrap\" data-animation=\"animated no-animation\"><div class=\"ult-content-box-container \" >\t<a class=\"ult-content-box-anchor\" href=\"\/index.php\/bordura\/\" >\t\t<div class=\"ult-content-box\" style=\"background-color:#ffffff;box-shadow: px px px px none;border-style:solid;border-width:2px;border-color:#f4e102;-webkit-transition: all 700ms ease;-moz-transition: all 700ms ease;-ms-transition: all 700ms ease;-o-transition: all 700ms ease;transition: all 700ms ease;\"  data-hover_box_shadow=\"none\"     data-bg=\"#ffffff\"  data-border_color=\"#f4e102\" >[vc_empty_space height=&#8221;22px&#8221;][vc_single_image image=&#8221;33&#8243; img_size=&#8221;full&#8221; alignment=&#8221;center&#8221; image_hovers=&#8221;false&#8221;][vc_empty_space height=&#8221;12px&#8221;][vc_separator color=&#8221;custom&#8221; border_width=&#8221;2&#8243; el_width=&#8221;20&#8243; accent_color=&#8221;#f4e102&#8243;][vc_empty_space][vc_custom_heading text=&#8221;Bordura&#8221; font_container=&#8221;tag:h2|font_size:20|text_align:center|color:%230d398a&#8221; google_fonts=&#8221;font_family:Prata%3Aregular|font_style:400%20regular%3A400%3Anormal&#8221; css=&#8221;.vc_custom_1536756043501{margin-top: -20px !important;}&#8221;][vc_empty_space height=&#8221;12px&#8221;][vc_column_text css=&#8221;.vc_custom_1536756062204{padding-right: 10px !important;padding-left: 10px !important;}&#8221;]<\/p>\n<p style=\"text-align: center;\">Bordura trotuaresh me permasa te ndryshme dhe cilesi te larte.<\/p>\n<p>[\/vc_column_text][vc_empty_space height=&#8221;12px&#8221;]\t\t<\/div>\t<\/a><\/div><\/div><div class=\"ult-item-wrap\" data-animation=\"animated no-animation\"><div class=\"ult-content-box-container \" >\t<a class=\"ult-content-box-anchor\" href=\"\/index.php\/shtylla\/\" >\t\t<div class=\"ult-content-box\" style=\"background-color:#ffffff;box-shadow: px px px px none;border-style:solid;border-width:2px;border-color:#f4e102;-webkit-transition: all 700ms ease;-moz-transition: all 700ms ease;-ms-transition: all 700ms ease;-o-transition: all 700ms ease;transition: all 700ms ease;\"  data-hover_box_shadow=\"none\"     data-bg=\"#ffffff\"  data-border_color=\"#f4e102\" >[vc_empty_space height=&#8221;22px&#8221;][vc_single_image image=&#8221;34&#8243; img_size=&#8221;full&#8221; alignment=&#8221;center&#8221; image_hovers=&#8221;false&#8221;][vc_empty_space height=&#8221;12px&#8221;][vc_separator color=&#8221;custom&#8221; border_width=&#8221;2&#8243; el_width=&#8221;20&#8243; accent_color=&#8221;#f4e102&#8243;][vc_empty_space][vc_custom_heading text=&#8221;Shtylla&#8221; font_container=&#8221;tag:h2|font_size:20|text_align:center|color:%230d398a&#8221; google_fonts=&#8221;font_family:Prata%3Aregular|font_style:400%20regular%3A400%3Anormal&#8221; css=&#8221;.vc_custom_1536756273924{margin-top: -20px !important;}&#8221;][vc_empty_space height=&#8221;12px&#8221;][vc_column_text css=&#8221;.vc_custom_1536756291431{padding-right: 10px !important;padding-left: 10px !important;}&#8221;]<\/p>\n<p style=\"text-align: center;\">Shtylla vreshtarie te permasave te ndryshme.<\/p>\n<p>[\/vc_column_text][vc_empty_space height=&#8221;12px&#8221;]\t\t<\/div>\t<\/a><\/div><\/div><\/div><\/div>\t\t\t<script type=\"text\/javascript\">\n\t\t\t\tjQuery(document).ready(function ($) {\n\t\t\t\t\tif( typeof jQuery('.ult-carousel-195490876469e0b948eebe4').slick == \"function\"){\n\t\t\t\t\t\t$('.ult-carousel-195490876469e0b948eebe4').slick({dots: false,autoplay: true,autoplaySpeed: \"5000\",speed: \"3000\",infinite: false,arrows: true,nextArrow: '<button type=\"button\" role=\"button\" aria-label=\"Next\" style=\"color:#333333; font-size:20px;\" class=\"slick-next default\"><i class=\"ultsl-arrow-right4\"><\/i><\/button>',prevArrow: '<button type=\"button\" role=\"button\" aria-label=\"Previous\" style=\"color:#333333; font-size:20px;\" class=\"slick-prev default\"><i class=\"ultsl-arrow-left4\"><\/i><\/button>',slidesToScroll:4,slidesToShow:4,swipe: true,draggable: true,touchMove: true,pauseOnHover: true,pauseOnFocus: false,responsive: [\n\t\t\t\t\t\t\t{\n\t\t\t\t\t\t\t  breakpoint: 1026,\n\t\t\t\t\t\t\t  settings: {\n\t\t\t\t\t\t\t\tslidesToShow: 4,\n\t\t\t\t\t\t\t\tslidesToScroll: 4,  \n\t\t\t\t\t\t\t  }\n\t\t\t\t\t\t\t},\n\t\t\t\t\t\t\t{\n\t\t\t\t\t\t\t  breakpoint: 1025,\n\t\t\t\t\t\t\t  settings: {\n\t\t\t\t\t\t\t\tslidesToShow: 1,\n\t\t\t\t\t\t\t\tslidesToScroll: 1\n\t\t\t\t\t\t\t  }\n\t\t\t\t\t\t\t},\n\t\t\t\t\t\t\t{\n\t\t\t\t\t\t\t  breakpoint: 760,\n\t\t\t\t\t\t\t  settings: {\n\t\t\t\t\t\t\t\tslidesToShow: 1,\n\t\t\t\t\t\t\t\tslidesToScroll: 1\n\t\t\t\t\t\t\t  }\n\t\t\t\t\t\t\t}\n\t\t\t\t\t\t],pauseOnDotsHover: true,customPaging: function(slider, i) {\n                   return '<i type=\"button\" style= \"color:#333333;\" class=\"ultsl-record\" data-role=\"none\"><\/i>';\n                },});\n\t\t\t\t\t}\n\t\t\t\t});\n\t\t\t<\/script>\n\t\t\t[\/vc_column][\/vc_row][vc_row full_width=&#8221;stretch_row_content_no_spaces&#8221;][vc_column][vc_custom_heading text=&#8221;Teknologji Italiane&#8221; font_container=&#8221;tag:h2|font_size:18|text_align:center|color:%23f4e102&#8243; google_fonts=&#8221;font_family:Lora%3Aregular%2Citalic%2C700%2C700italic|font_style:400%20regular%3A400%3Anormal&#8221;][vc_custom_heading text=&#8221;Ambientet Tona&#8221; font_container=&#8221;tag:h2|font_size:27|text_align:center&#8221; google_fonts=&#8221;font_family:Prata%3Aregular|font_style:400%20regular%3A400%3Anormal&#8221; css=&#8221;.vc_custom_1536759203063{margin-top: -20px !important;}&#8221;][vc_empty_space height=&#8221;12px&#8221;][vc_media_grid element_width=&#8221;3&#8243; gap=&#8221;0&#8243; initial_loading_animation=&#8221;slideInLeft&#8221; grid_id=&#8221;vc_gid:1552559705992-aa0f25c0-afc8-9&#8243; include=&#8221;39,40,42,37&#8243;][\/vc_column][\/vc_row][vc_row bg_type=&#8221;image&#8221; parallax_style=&#8221;vcpb-default&#8221; bg_image_new=&#8221;id^47|url^https:\/\/koticashpk.com\/wp-content\/uploads\/2018\/09\/banner-1.jpg|caption^null|alt^null|title^null|description^null&#8221; bg_image_repeat=&#8221;no-repeat&#8221; bg_override=&#8221;ex-full&#8221; css=&#8221;.vc_custom_1536761828115{margin-top: -40px !important;margin-bottom: -70px !important;}&#8221;][vc_column width=&#8221;1\/2&#8243;][vc_empty_space][vc_custom_heading text=&#8221;Nese deshironi te porosisni produktet tona, na kontaktoni&#8221; font_container=&#8221;tag:h2|font_size:27|text_align:left|color:%23ffffff&#8221; google_fonts=&#8221;font_family:Lato%3A100%2C100italic%2C300%2C300italic%2Cregular%2Citalic%2C700%2C700italic%2C900%2C900italic|font_style:700%20bold%20regular%3A700%3Anormal&#8221;][vc_custom_heading text=&#8221;Sjellim me te miren ne sektorin e prodhimit te betonit.&#8221; font_container=&#8221;tag:h2|font_size:17|text_align:left|color:%23ffffff&#8221; google_fonts=&#8221;font_family:Lato%3A100%2C100italic%2C300%2C300italic%2Cregular%2Citalic%2C700%2C700italic%2C900%2C900italic|font_style:400%20regular%3A400%3Anormal&#8221;][vc_btn title=&#8221;NJIHUNI ME NE&#8221; style=&#8221;outline-custom&#8221; outline_custom_color=&#8221;#ffffff&#8221; outline_custom_hover_background=&#8221;#f4e102&#8243; outline_custom_hover_text=&#8221;#ffffff&#8221; shape=&#8221;square&#8221; align=&#8221;left&#8221; link=&#8221;url:https%3A%2F%2Fkoticashpk.com%2Findex.php%2Fkotica-spot%2F|||&#8221;][\/vc_column][vc_column width=&#8221;1\/2&#8243;][vc_single_image image=&#8221;45&#8243; img_size=&#8221;full&#8221; alignment=&#8221;center&#8221; image_hovers=&#8221;false&#8221; css=&#8221;.vc_custom_1536761901999{margin-right: -50px !important;margin-bottom: -90px !important;}&#8221;][\/vc_column][\/vc_row]<\/p>\n<\/div>","protected":false},"excerpt":{"rendered":"<p>[vc_row][vc_column width=&#8221;1\/2&#8243;][vc_single_image image=&#8221;20&#8243; img_size=&#8221;full&#8221; image_hovers=&#8221;false&#8221;][\/vc_column][vc_column width=&#8221;1\/2&#8243;][vc_empty_space height=&#8221;12px&#8221;][vc_custom_heading text=&#8221;Teknologji Italiane&#8221; font_container=&#8221;tag:h2|font_size:18|text_align:left|color:%23f4e102&#8243; google_fonts=&#8221;font_family:Lora%3Aregular%2Citalic%2C700%2C700italic|font_style:400%20regular%3A400%3Anormal&#8221; css=&#8221;.vc_custom_1536744559111{margin-left: -190px !important;}&#8221;][vc_custom_heading text=&#8221;Produkte Cilesore Sipas Standarteve Italiane&#8221; font_container=&#8221;tag:h2|font_size:36|text_align:left&#8221; google_fonts=&#8221;font_family:Prata%3Aregular|font_style:400%20regular%3A400%3Anormal&#8221; css=&#8221;.vc_custom_1536744567571{margin-left: -190px !important;}&#8221;][vc_empty_space height=&#8221;12px&#8221;][vc_column_text css=&#8221;.vc_custom_1536744909835{margin-left: -187px !important;}&#8221;] Fillimisht aktiviteti u shtri n\u00eb\u00a0tregtimin e pjes\u00ebve t\u00eb\u00a0k\u00ebmbimit p\u00ebr mjetet motorrike \u00a0dhe automjetet e p\u00ebrdorura. Duke q\u00ebn\u00eb\u00a0se pjes\u00ebt eksportoheshin nga Italia b\u00ebri q\u00eb\u00a0shoq\u00ebria t\u00eb\u00a0zinte nj\u00eb\u00a0pjes\u00eb\u00a0t\u00eb\u00a0madhe t\u00eb\u00a0tregut duke&hellip;<\/p>\n","protected":false},"author":2,"featured_media":0,"parent":0,"menu_order":0,"comment_status":"closed","ping_status":"closed","template":"","meta":{"footnotes":""},"class_list":["post-9","page","type-page","status-publish","hentry","description-off"],"_links":{"self":[{"href":"https:\/\/koticashpk.com\/index.php\/wp-json\/wp\/v2\/pages\/9","targetHints":{"allow":["GET"]}}],"collection":[{"href":"https:\/\/koticashpk.com\/index.php\/wp-json\/wp\/v2\/pages"}],"about":[{"href":"https:\/\/koticashpk.com\/index.php\/wp-json\/wp\/v2\/types\/page"}],"author":[{"embeddable":true,"href":"https:\/\/koticashpk.com\/index.php\/wp-json\/wp\/v2\/users\/2"}],"replies":[{"embeddable":true,"href":"https:\/\/koticashpk.com\/index.php\/wp-json\/wp\/v2\/comments?post=9"}],"version-history":[{"count":9,"href":"https:\/\/koticashpk.com\/index.php\/wp-json\/wp\/v2\/pages\/9\/revisions"}],"predecessor-version":[{"id":326,"href":"https:\/\/koticashpk.com\/index.php\/wp-json\/wp\/v2\/pages\/9\/revisions\/326"}],"wp:attachment":[{"href":"https:\/\/koticashpk.com\/index.php\/wp-json\/wp\/v2\/media?parent=9"}],"curies":[{"name":"wp","href":"https:\/\/api.w.org\/{rel}","templated":true}]}}